{"id":4501,"date":"2023-09-08T11:15:04","date_gmt":"2023-09-08T09:15:04","guid":{"rendered":"https:\/\/atelierkrouzek.cz\/praha\/?page_id=4501"},"modified":"2024-07-11T18:06:32","modified_gmt":"2024-07-11T16:06:32","slug":"vytvarne-krouzky-kurzy","status":"publish","type":"page","link":"https:\/\/atelierkrouzek.cz\/praha\/vytvarne-krouzky-kurzy\/","title":{"rendered":"KROU\u017dKY \/ KURZY"},"content":{"rendered":"\n<hr class=\"wp-block-separator has-alpha-channel-opacity\"\/>\n\n\n\n<div class=\"wp-block-query is-layout-flow wp-block-query-is-layout-flow\"><ul class=\"is-flex-container columns-3 wp-block-post-template is-layout-flow wp-block-post-template-is-layout-flow\"><li class=\"wp-block-post post-2820 post type-post status-publish format-standard has-post-thumbnail hentry category-uncategorized\">\n\n<div class=\"wp-block-group\" style=\"padding-top:30px;padding-right:30px;padding-bottom:30px;padding-left:30px\"><div class=\"wp-block-group__inner-container is-layout-flow wp-block-group-is-layout-flow\"><figure class=\"wp-block-post-featured-image\"><a href=\"https:\/\/atelierkrouzek.cz\/praha\/vytvarny-krouzek-rodice-s-detmi-od-2-let\/\" target=\"_self\"  ><img loading=\"lazy\" decoding=\"async\" width=\"1800\" height=\"1200\" src=\"https:\/\/atelierkrouzek.cz\/praha\/wp-content\/uploads\/sites\/4\/2023\/09\/krouzek-pro-rodice-s-detmi-od-2-let.jpg\" class=\"attachment-post-thumbnail size-post-thumbnail wp-post-image\" alt=\"V\u00ddTVARN\u00dd KROU\u017dEK PRO RODI\u010cE S&nbsp;D\u011aTMI \/ 2-4 ROKY\" style=\"object-fit:cover;\" srcset=\"https:\/\/atelierkrouzek.cz\/praha\/wp-content\/uploads\/sites\/4\/2023\/09\/krouzek-pro-rodice-s-detmi-od-2-let.jpg 1800w, https:\/\/atelierkrouzek.cz\/praha\/wp-content\/uploads\/sites\/4\/2023\/09\/krouzek-pro-rodice-s-detmi-od-2-let-300x200.jpg 300w, https:\/\/atelierkrouzek.cz\/praha\/wp-content\/uploads\/sites\/4\/2023\/09\/krouzek-pro-rodice-s-detmi-od-2-let-1024x683.jpg 1024w, https:\/\/atelierkrouzek.cz\/praha\/wp-content\/uploads\/sites\/4\/2023\/09\/krouzek-pro-rodice-s-detmi-od-2-let-768x512.jpg 768w, https:\/\/atelierkrouzek.cz\/praha\/wp-content\/uploads\/sites\/4\/2023\/09\/krouzek-pro-rodice-s-detmi-od-2-let-1536x1024.jpg 1536w\" sizes=\"(max-width: 1800px) 100vw, 1800px\" \/><\/a><\/figure>\n\n<h2 class=\"wp-block-post-title has-medium-font-size\"><a href=\"https:\/\/atelierkrouzek.cz\/praha\/vytvarny-krouzek-rodice-s-detmi-od-2-let\/\" target=\"_self\" >V\u00ddTVARN\u00dd KROU\u017dEK PRO RODI\u010cE S&nbsp;D\u011aTMI \/ 2-4 ROKY<\/a><\/h2><\/div><\/div>\n\n<\/li><li class=\"wp-block-post post-4527 post type-post status-publish format-standard has-post-thumbnail hentry category-uncategorized\">\n\n<div class=\"wp-block-group\" style=\"padding-top:30px;padding-right:30px;padding-bottom:30px;padding-left:30px\"><div class=\"wp-block-group__inner-container is-layout-flow wp-block-group-is-layout-flow\"><figure class=\"wp-block-post-featured-image\"><a href=\"https:\/\/atelierkrouzek.cz\/praha\/vytvarny-krouzek-pro-deti-3-6-let\/\" target=\"_self\"  ><img loading=\"lazy\" decoding=\"async\" width=\"1800\" height=\"1200\" src=\"https:\/\/atelierkrouzek.cz\/praha\/wp-content\/uploads\/sites\/4\/2023\/08\/3-6-let-krouzek-pro-deti.jpg\" class=\"attachment-post-thumbnail size-post-thumbnail wp-post-image\" alt=\"V\u00ddTVARN\u00dd KROU\u017dEK PRO D\u011aTI\u00a0\/ 3\u20136 LET\" style=\"object-fit:cover;\" srcset=\"https:\/\/atelierkrouzek.cz\/praha\/wp-content\/uploads\/sites\/4\/2023\/08\/3-6-let-krouzek-pro-deti.jpg 1800w, https:\/\/atelierkrouzek.cz\/praha\/wp-content\/uploads\/sites\/4\/2023\/08\/3-6-let-krouzek-pro-deti-300x200.jpg 300w, https:\/\/atelierkrouzek.cz\/praha\/wp-content\/uploads\/sites\/4\/2023\/08\/3-6-let-krouzek-pro-deti-1024x683.jpg 1024w, https:\/\/atelierkrouzek.cz\/praha\/wp-content\/uploads\/sites\/4\/2023\/08\/3-6-let-krouzek-pro-deti-768x512.jpg 768w, https:\/\/atelierkrouzek.cz\/praha\/wp-content\/uploads\/sites\/4\/2023\/08\/3-6-let-krouzek-pro-deti-1536x1024.jpg 1536w\" sizes=\"(max-width: 1800px) 100vw, 1800px\" \/><\/a><\/figure>\n\n<h2 class=\"wp-block-post-title has-medium-font-size\"><a href=\"https:\/\/atelierkrouzek.cz\/praha\/vytvarny-krouzek-pro-deti-3-6-let\/\" target=\"_self\" >V\u00ddTVARN\u00dd KROU\u017dEK PRO D\u011aTI\u00a0\/ 3\u20136 LET<\/a><\/h2><\/div><\/div>\n\n<\/li><li class=\"wp-block-post post-4529 post type-post status-publish format-standard has-post-thumbnail hentry category-uncategorized\">\n\n<div class=\"wp-block-group\" style=\"padding-top:30px;padding-right:30px;padding-bottom:30px;padding-left:30px\"><div class=\"wp-block-group__inner-container is-layout-flow wp-block-group-is-layout-flow\"><figure class=\"wp-block-post-featured-image\"><a href=\"https:\/\/atelierkrouzek.cz\/praha\/vytvarny-krouzek-pro-deti-6-10-let\/\" target=\"_self\"  ><img loading=\"lazy\" decoding=\"async\" width=\"1800\" height=\"1200\" src=\"https:\/\/atelierkrouzek.cz\/praha\/wp-content\/uploads\/sites\/4\/2024\/07\/5-10-let-krouzek-pro-deti.jpg\" class=\"attachment-post-thumbnail size-post-thumbnail wp-post-image\" alt=\"V\u00ddTVARN\u00dd KROU\u017dEK PRO D\u011aTI\u00a0\/ 6\u201310 LET\" style=\"object-fit:cover;\" srcset=\"https:\/\/atelierkrouzek.cz\/praha\/wp-content\/uploads\/sites\/4\/2024\/07\/5-10-let-krouzek-pro-deti.jpg 1800w, https:\/\/atelierkrouzek.cz\/praha\/wp-content\/uploads\/sites\/4\/2024\/07\/5-10-let-krouzek-pro-deti-300x200.jpg 300w, https:\/\/atelierkrouzek.cz\/praha\/wp-content\/uploads\/sites\/4\/2024\/07\/5-10-let-krouzek-pro-deti-1024x683.jpg 1024w, https:\/\/atelierkrouzek.cz\/praha\/wp-content\/uploads\/sites\/4\/2024\/07\/5-10-let-krouzek-pro-deti-768x512.jpg 768w, https:\/\/atelierkrouzek.cz\/praha\/wp-content\/uploads\/sites\/4\/2024\/07\/5-10-let-krouzek-pro-deti-1536x1024.jpg 1536w\" sizes=\"(max-width: 1800px) 100vw, 1800px\" \/><\/a><\/figure>\n\n<h2 class=\"wp-block-post-title has-medium-font-size\"><a href=\"https:\/\/atelierkrouzek.cz\/praha\/vytvarny-krouzek-pro-deti-6-10-let\/\" target=\"_self\" >V\u00ddTVARN\u00dd KROU\u017dEK PRO D\u011aTI\u00a0\/ 6\u201310 LET<\/a><\/h2><\/div><\/div>\n\n<\/li><li class=\"wp-block-post post-4533 post type-post status-publish format-standard has-post-thumbnail hentry category-uncategorized\">\n\n<div class=\"wp-block-group\" style=\"padding-top:30px;padding-right:30px;padding-bottom:30px;padding-left:30px\"><div class=\"wp-block-group__inner-container is-layout-flow wp-block-group-is-layout-flow\"><figure class=\"wp-block-post-featured-image\"><a href=\"https:\/\/atelierkrouzek.cz\/praha\/vytvarny-krouzek-pro-deti-9-15-let\/\" target=\"_self\"  ><img loading=\"lazy\" decoding=\"async\" width=\"1800\" height=\"1200\" src=\"https:\/\/atelierkrouzek.cz\/praha\/wp-content\/uploads\/sites\/4\/2023\/06\/9-15-let-krouzek-pro-deti.jpg\" class=\"attachment-post-thumbnail size-post-thumbnail wp-post-image\" alt=\"V\u00ddTVARN\u00dd KROU\u017dEK PRO D\u011aTI\u00a0\/ 9\u201315 LET\" style=\"object-fit:cover;\" srcset=\"https:\/\/atelierkrouzek.cz\/praha\/wp-content\/uploads\/sites\/4\/2023\/06\/9-15-let-krouzek-pro-deti.jpg 1800w, https:\/\/atelierkrouzek.cz\/praha\/wp-content\/uploads\/sites\/4\/2023\/06\/9-15-let-krouzek-pro-deti-300x200.jpg 300w, https:\/\/atelierkrouzek.cz\/praha\/wp-content\/uploads\/sites\/4\/2023\/06\/9-15-let-krouzek-pro-deti-1024x683.jpg 1024w, https:\/\/atelierkrouzek.cz\/praha\/wp-content\/uploads\/sites\/4\/2023\/06\/9-15-let-krouzek-pro-deti-768x512.jpg 768w, https:\/\/atelierkrouzek.cz\/praha\/wp-content\/uploads\/sites\/4\/2023\/06\/9-15-let-krouzek-pro-deti-1536x1024.jpg 1536w\" sizes=\"(max-width: 1800px) 100vw, 1800px\" \/><\/a><\/figure>\n\n<h2 class=\"wp-block-post-title has-medium-font-size\"><a href=\"https:\/\/atelierkrouzek.cz\/praha\/vytvarny-krouzek-pro-deti-9-15-let\/\" target=\"_self\" >V\u00ddTVARN\u00dd KROU\u017dEK PRO D\u011aTI\u00a0\/ 9\u201315 LET<\/a><\/h2><\/div><\/div>\n\n<\/li><li class=\"wp-block-post post-3054 post type-post status-publish format-standard has-post-thumbnail hentry category-uncategorized\">\n\n<div class=\"wp-block-group\" style=\"padding-top:30px;padding-right:30px;padding-bottom:30px;padding-left:30px\"><div class=\"wp-block-group__inner-container is-layout-flow wp-block-group-is-layout-flow\"><figure class=\"wp-block-post-featured-image\"><a href=\"https:\/\/atelierkrouzek.cz\/praha\/priprava-na-talentovky\/\" target=\"_self\"  ><img loading=\"lazy\" decoding=\"async\" width=\"1800\" height=\"1200\" src=\"https:\/\/atelierkrouzek.cz\/praha\/wp-content\/uploads\/sites\/4\/2024\/07\/Priprava-na-talentovky-kurz.jpg\" class=\"attachment-post-thumbnail size-post-thumbnail wp-post-image\" alt=\"V\u00ddTVARN\u00c1 P\u0158\u00cdPRAVA NA TALENTOV\u00c9 ZKOU\u0160KY\" style=\"object-fit:cover;\" srcset=\"https:\/\/atelierkrouzek.cz\/praha\/wp-content\/uploads\/sites\/4\/2024\/07\/Priprava-na-talentovky-kurz.jpg 1800w, https:\/\/atelierkrouzek.cz\/praha\/wp-content\/uploads\/sites\/4\/2024\/07\/Priprava-na-talentovky-kurz-300x200.jpg 300w, https:\/\/atelierkrouzek.cz\/praha\/wp-content\/uploads\/sites\/4\/2024\/07\/Priprava-na-talentovky-kurz-1024x683.jpg 1024w, https:\/\/atelierkrouzek.cz\/praha\/wp-content\/uploads\/sites\/4\/2024\/07\/Priprava-na-talentovky-kurz-768x512.jpg 768w, https:\/\/atelierkrouzek.cz\/praha\/wp-content\/uploads\/sites\/4\/2024\/07\/Priprava-na-talentovky-kurz-1536x1024.jpg 1536w\" sizes=\"(max-width: 1800px) 100vw, 1800px\" \/><\/a><\/figure>\n\n<h2 class=\"wp-block-post-title has-medium-font-size\"><a href=\"https:\/\/atelierkrouzek.cz\/praha\/priprava-na-talentovky\/\" target=\"_self\" >V\u00ddTVARN\u00c1 P\u0158\u00cdPRAVA NA TALENTOV\u00c9 ZKOU\u0160KY<\/a><\/h2><\/div><\/div>\n\n<\/li><li class=\"wp-block-post post-4536 post type-post status-publish format-standard has-post-thumbnail hentry category-uncategorized\">\n\n<div class=\"wp-block-group\" style=\"padding-top:30px;padding-right:30px;padding-bottom:30px;padding-left:30px\"><div class=\"wp-block-group__inner-container is-layout-flow wp-block-group-is-layout-flow\"><figure class=\"wp-block-post-featured-image\"><a href=\"https:\/\/atelierkrouzek.cz\/praha\/graficka-dilna-kurz-linorytu\/\" target=\"_self\"  ><img loading=\"lazy\" decoding=\"async\" width=\"1800\" height=\"1200\" src=\"https:\/\/atelierkrouzek.cz\/praha\/wp-content\/uploads\/sites\/4\/2023\/04\/Graficka-dilna-kurz-linorytu.jpg\" class=\"attachment-post-thumbnail size-post-thumbnail wp-post-image\" alt=\"GRAFICK\u00c1 D\u00cdLNA \u2013 KURZ LINORYTU \/ PRO ML\u00c1DE\u017d, DOSP\u011aL\u00c9 A SENIORY\" style=\"object-fit:cover;\" srcset=\"https:\/\/atelierkrouzek.cz\/praha\/wp-content\/uploads\/sites\/4\/2023\/04\/Graficka-dilna-kurz-linorytu.jpg 1800w, https:\/\/atelierkrouzek.cz\/praha\/wp-content\/uploads\/sites\/4\/2023\/04\/Graficka-dilna-kurz-linorytu-300x200.jpg 300w, https:\/\/atelierkrouzek.cz\/praha\/wp-content\/uploads\/sites\/4\/2023\/04\/Graficka-dilna-kurz-linorytu-1024x683.jpg 1024w, https:\/\/atelierkrouzek.cz\/praha\/wp-content\/uploads\/sites\/4\/2023\/04\/Graficka-dilna-kurz-linorytu-768x512.jpg 768w, https:\/\/atelierkrouzek.cz\/praha\/wp-content\/uploads\/sites\/4\/2023\/04\/Graficka-dilna-kurz-linorytu-1536x1024.jpg 1536w\" sizes=\"(max-width: 1800px) 100vw, 1800px\" \/><\/a><\/figure>\n\n<h2 class=\"wp-block-post-title has-medium-font-size\"><a href=\"https:\/\/atelierkrouzek.cz\/praha\/graficka-dilna-kurz-linorytu\/\" target=\"_self\" >GRAFICK\u00c1 D\u00cdLNA \u2013 KURZ LINORYTU \/ PRO ML\u00c1DE\u017d, DOSP\u011aL\u00c9 A SENIORY<\/a><\/h2><\/div><\/div>\n\n<\/li><\/ul><\/div>\n","protected":false},"excerpt":{"rendered":"","protected":false},"author":1,"featured_media":0,"parent":0,"menu_order":0,"comment_status":"closed","ping_status":"closed","template":"template_parts\/page-fullwidth_template.php","meta":{"footnotes":""},"class_list":["post-4501","page","type-page","status-publish","hentry"],"_links":{"self":[{"href":"https:\/\/atelierkrouzek.cz\/praha\/wp-json\/wp\/v2\/pages\/4501"}],"collection":[{"href":"https:\/\/atelierkrouzek.cz\/praha\/wp-json\/wp\/v2\/pages"}],"about":[{"href":"https:\/\/atelierkrouzek.cz\/praha\/wp-json\/wp\/v2\/types\/page"}],"author":[{"embeddable":true,"href":"https:\/\/atelierkrouzek.cz\/praha\/wp-json\/wp\/v2\/users\/1"}],"replies":[{"embeddable":true,"href":"https:\/\/atelierkrouzek.cz\/praha\/wp-json\/wp\/v2\/comments?post=4501"}],"version-history":[{"count":32,"href":"https:\/\/atelierkrouzek.cz\/praha\/wp-json\/wp\/v2\/pages\/4501\/revisions"}],"predecessor-version":[{"id":5269,"href":"https:\/\/atelierkrouzek.cz\/praha\/wp-json\/wp\/v2\/pages\/4501\/revisions\/5269"}],"wp:attachment":[{"href":"https:\/\/atelierkrouzek.cz\/praha\/wp-json\/wp\/v2\/media?parent=4501"}],"curies":[{"name":"wp","href":"https:\/\/api.w.org\/{rel}","templated":true}]}}