{"id":2726,"date":"2020-01-17T21:10:55","date_gmt":"2020-01-17T20:10:55","guid":{"rendered":"http:\/\/atelierkrouzek.cz\/praha\/?page_id=2726"},"modified":"2024-07-11T17:22:19","modified_gmt":"2024-07-11T15:22:19","slug":"uverejneni-fotografii","status":"publish","type":"page","link":"https:\/\/atelierkrouzek.cz\/praha\/uverejneni-fotografii\/","title":{"rendered":"Uve\u0159ejn\u011bn\u00ed fotografi\u00ed"},"content":{"rendered":"\n<hr class=\"wp-block-separator has-alpha-channel-opacity\"\/>\n\n\n\n<p>Z pr\u016fb\u011bhu kurz\u016f po\u0159izujeme dokument\u00e1rn\u00ed fotografie. T\u011bmito fotografiemi prezentujeme svoji \u010dinnost a zve\u0159ej\u0148ujeme je na na\u0161ich webov\u00fdch str\u00e1nk\u00e1ch a na Facebooku a Instagramu. V&nbsp;p\u0159ihl\u00e1\u0161ce pros\u00edm vyberte, jestli souhlas\u00edte, nebo nesouhlas\u00edte, aby na zve\u0159ejn\u011bn\u00fdch fotografi\u00edch bylo va\u0161e d\u00edt\u011b.<\/p>\n","protected":false},"excerpt":{"rendered":"<p>Z pr\u016fb\u011bhu kurz\u016f po\u0159izujeme dokument\u00e1rn\u00ed fotografie. T\u011bmito fotografiemi prezentujeme svoji \u010dinnost a zve\u0159ej\u0148ujeme je na na\u0161ich webov\u00fdch str\u00e1nk\u00e1ch a na Facebooku a Instagramu. V&nbsp;p\u0159ihl\u00e1\u0161ce pros\u00edm vyberte, jestli souhlas\u00edte, nebo nesouhlas\u00edte, aby na zve\u0159ejn\u011bn\u00fdch fotografi\u00edch bylo va\u0161e d\u00edt\u011b.<\/p>\n","protected":false},"author":1,"featured_media":0,"parent":0,"menu_order":0,"comment_status":"closed","ping_status":"closed","template":"template_parts\/page-fullwidth_template.php","meta":{"footnotes":""},"class_list":["post-2726","page","type-page","status-publish","hentry"],"_links":{"self":[{"href":"https:\/\/atelierkrouzek.cz\/praha\/wp-json\/wp\/v2\/pages\/2726"}],"collection":[{"href":"https:\/\/atelierkrouzek.cz\/praha\/wp-json\/wp\/v2\/pages"}],"about":[{"href":"https:\/\/atelierkrouzek.cz\/praha\/wp-json\/wp\/v2\/types\/page"}],"author":[{"embeddable":true,"href":"https:\/\/atelierkrouzek.cz\/praha\/wp-json\/wp\/v2\/users\/1"}],"replies":[{"embeddable":true,"href":"https:\/\/atelierkrouzek.cz\/praha\/wp-json\/wp\/v2\/comments?post=2726"}],"version-history":[{"count":16,"href":"https:\/\/atelierkrouzek.cz\/praha\/wp-json\/wp\/v2\/pages\/2726\/revisions"}],"predecessor-version":[{"id":4747,"href":"https:\/\/atelierkrouzek.cz\/praha\/wp-json\/wp\/v2\/pages\/2726\/revisions\/4747"}],"wp:attachment":[{"href":"https:\/\/atelierkrouzek.cz\/praha\/wp-json\/wp\/v2\/media?parent=2726"}],"curies":[{"name":"wp","href":"https:\/\/api.w.org\/{rel}","templated":true}]}}