{"id":215,"date":"2018-06-24T23:03:27","date_gmt":"2018-06-24T21:03:27","guid":{"rendered":"http:\/\/atelierkrouzek.cz\/brno\/?page_id=215"},"modified":"2020-01-21T12:43:44","modified_gmt":"2020-01-21T11:43:44","slug":"nase-pravidla","status":"publish","type":"page","link":"https:\/\/atelierkrouzek.cz\/brno\/nase-pravidla\/","title":{"rendered":"Na\u0161e pravidla"},"content":{"rendered":"\n<h3 class=\"wp-block-heading\"><strong>1. Dotazy a p\u0159ipom\u00ednky:<\/strong><\/h3>\n\n\n\n<p>Chcete-li se na n\u011bco zeptat ohledn\u011b na\u0161ich pravidel, rozvrhu nebo kapacity krou\u017ek\u016f, na\u0161eho cen\u00edku a zp\u016fsobu plateb, nebo m\u00e1te-li n\u011bjak\u00e9 p\u0159ipom\u00ednky k na\u0161i pr\u00e1ci, tak se pros\u00edm obracejte na vedouc\u00ed kurz\u016f Lenku Kam\u00ednkovou prost\u0159ednictv\u00edm emailu &#x6c;&#x65;&#110;&#117;s&#x2e;&#x6b;&#x61;&#109;&#105;n&#x65;&#x6b;&#x40;&#103;&#109;a&#x69;&#x6c;&#x2e;&#99;&#111;m \u010di telefonu 772 972 016.<\/p>\n\n\n\n<h3 class=\"wp-block-heading\"><strong>2. Zme\u0161kan\u00e9 lekce a n\u00e1hrady:<\/strong><\/h3>\n\n\n\n<p><strong>P\u0159edem omluven\u00e9<\/strong>&nbsp;V\u00e1mi zme\u0161kan\u00e9 lekce se nep\u0159ev\u00e1d\u00ed do dal\u0161\u00edho semestru, ale m\u016f\u017eete si je nahradit kdykoliv v r\u00e1mci dan\u00e9ho semestru v jin\u00fd den nebo \u010das na\u0161eho rozvrhu. Omluvu za\u0161lete formou sms p\u0159\u00edmo lektorce krou\u017eku.<\/p>\n\n\n\n<p>V p\u0159\u00edpad\u011b odpadnut\u00ed lekce z na\u0161\u00ed strany V\u00e1m lekci nahrad\u00edme dle vz\u00e1jemn\u00e9 dohody.<\/p>\n\n\n\n<h3 class=\"wp-block-heading\"><strong>3. Oble\u010den\u00ed a p\u0159ez\u016fvky:<\/strong><\/h3>\n\n\n\n<p>V ateli\u00e9ru jsou k dispozici ko\u0161ile na ochranu od\u011bvu, ale i p\u0159esto si d\u011bti mohou u\u0161pinit sv\u00e9 oble\u010den\u00ed a to n\u011bkdy i od barev, kter\u00e9 nelze vyprat. Proto pros\u00edme, aby d\u011bti do krou\u017eku chodily v oble\u010den\u00ed, u kter\u00e9ho p\u0159\u00edpadn\u00e1 nehoda nevad\u00ed a d\u011bti mohly tvo\u0159it bez ostychu.<\/p>\n\n\n\n<p>P\u0159ez\u016fvky nejsou u n\u00e1s podm\u00ednkou, ale v zimn\u00edch m\u011bs\u00edc\u00edch budeme r\u00e1di, kdy\u017e je d\u011btem p\u0159ibal\u00edte.<\/p>\n\n\n\n<h3 class=\"wp-block-heading\"><strong>4. Desky na obr\u00e1zky:<\/strong><\/h3>\n\n\n\n<p>Obr\u00e1zky a v\u00fdrobky d\u011bt\u00ed si pros\u00edm pr\u016fb\u011b\u017en\u011b odn\u00e1\u0161ejte dom\u016f (samoz\u0159ejm\u011b a\u017e po jejich zaschnut\u00ed). Doporu\u010dejeme nosit si na obr\u00e1zky tvrd\u00e9 desky.<\/p>\n","protected":false},"excerpt":{"rendered":"<p>1. Dotazy a p\u0159ipom\u00ednky: Chcete-li se na n\u011bco zeptat ohledn\u011b na\u0161ich pravidel, rozvrhu nebo kapacity krou\u017ek\u016f, na\u0161eho cen\u00edku a zp\u016fsobu plateb, nebo m\u00e1te-li n\u011bjak\u00e9 p\u0159ipom\u00ednky k na\u0161i pr\u00e1ci, tak se pros\u00edm obracejte na vedouc\u00ed kurz\u016f Lenku Kam\u00ednkovou prost\u0159ednictv\u00edm emailu &#108;e&#x6e;u&#x73;&#46;&#x6b;a&#x6d;&#105;&#x6e;&#101;&#x6b;&#64;&#x67;&#109;a&#105;l&#x2e;c&#x6f;m \u010di telefonu 772 972 016. 2. Zme\u0161kan\u00e9 lekce a n\u00e1hrady: P\u0159edem omluven\u00e9&nbsp;V\u00e1mi zme\u0161kan\u00e9 lekce se<br \/><a class=\"moretag\" href=\"https:\/\/atelierkrouzek.cz\/brno\/nase-pravidla\/\">+ Read More<\/a><\/p>\n","protected":false},"author":1,"featured_media":0,"parent":0,"menu_order":0,"comment_status":"closed","ping_status":"closed","template":"template_parts\/page-fullwidth_template.php","meta":{"footnotes":""},"class_list":["post-215","page","type-page","status-publish","hentry"],"_links":{"self":[{"href":"https:\/\/atelierkrouzek.cz\/brno\/wp-json\/wp\/v2\/pages\/215"}],"collection":[{"href":"https:\/\/atelierkrouzek.cz\/brno\/wp-json\/wp\/v2\/pages"}],"about":[{"href":"https:\/\/atelierkrouzek.cz\/brno\/wp-json\/wp\/v2\/types\/page"}],"author":[{"embeddable":true,"href":"https:\/\/atelierkrouzek.cz\/brno\/wp-json\/wp\/v2\/users\/1"}],"replies":[{"embeddable":true,"href":"https:\/\/atelierkrouzek.cz\/brno\/wp-json\/wp\/v2\/comments?post=215"}],"version-history":[{"count":2,"href":"https:\/\/atelierkrouzek.cz\/brno\/wp-json\/wp\/v2\/pages\/215\/revisions"}],"predecessor-version":[{"id":575,"href":"https:\/\/atelierkrouzek.cz\/brno\/wp-json\/wp\/v2\/pages\/215\/revisions\/575"}],"wp:attachment":[{"href":"https:\/\/atelierkrouzek.cz\/brno\/wp-json\/wp\/v2\/media?parent=215"}],"curies":[{"name":"wp","href":"https:\/\/api.w.org\/{rel}","templated":true}]}}