{"id":15,"date":"2018-05-22T17:15:19","date_gmt":"2018-05-22T15:15:19","guid":{"rendered":"http:\/\/atelierkrouzek.cz\/brno\/?page_id=15"},"modified":"2026-02-19T14:07:17","modified_gmt":"2026-02-19T13:07:17","slug":"prihlaska","status":"publish","type":"page","link":"https:\/\/atelierkrouzek.cz\/brno\/prihlaska\/","title":{"rendered":"P\u0158IHL\u00c1\u0160KA"},"content":{"rendered":"","protected":false},"excerpt":{"rendered":"","protected":false},"author":1,"featured_media":0,"parent":0,"menu_order":0,"comment_status":"closed","ping_status":"closed","template":"template_parts\/page-nocontent_template.php","meta":{"footnotes":""},"class_list":["post-15","page","type-page","status-publish","hentry"],"_links":{"self":[{"href":"https:\/\/atelierkrouzek.cz\/brno\/wp-json\/wp\/v2\/pages\/15"}],"collection":[{"href":"https:\/\/atelierkrouzek.cz\/brno\/wp-json\/wp\/v2\/pages"}],"about":[{"href":"https:\/\/atelierkrouzek.cz\/brno\/wp-json\/wp\/v2\/types\/page"}],"author":[{"embeddable":true,"href":"https:\/\/atelierkrouzek.cz\/brno\/wp-json\/wp\/v2\/users\/1"}],"replies":[{"embeddable":true,"href":"https:\/\/atelierkrouzek.cz\/brno\/wp-json\/wp\/v2\/comments?post=15"}],"version-history":[{"count":1,"href":"https:\/\/atelierkrouzek.cz\/brno\/wp-json\/wp\/v2\/pages\/15\/revisions"}],"predecessor-version":[{"id":16,"href":"https:\/\/atelierkrouzek.cz\/brno\/wp-json\/wp\/v2\/pages\/15\/revisions\/16"}],"wp:attachment":[{"href":"https:\/\/atelierkrouzek.cz\/brno\/wp-json\/wp\/v2\/media?parent=15"}],"curies":[{"name":"wp","href":"https:\/\/api.w.org\/{rel}","templated":true}]}}